{"id":5328,"date":"2023-11-15T17:32:47","date_gmt":"2023-11-15T22:32:47","guid":{"rendered":"https:\/\/dyeimport.com\/wp\/?post_type=product&#038;p=5328"},"modified":"2026-02-13T17:11:01","modified_gmt":"2026-02-13T22:11:01","slug":"kit-arrastre-428h132l-suzuki-ax100-15tx42-sco","status":"publish","type":"product","link":"https:\/\/dyeimport.com\/wp\/producto\/kit-arrastre-428h132l-suzuki-ax100-15tx42-sco\/","title":{"rendered":"KIT ARRASTRE 428H132L SUZUKI AX100  15TX42 SCO"},"content":{"rendered":"<p><strong>Cadena de Alta Resistencia<\/strong><br \/>\nNuestra cadena est\u00e1 fabricada con aleaci\u00f3n de acero de m\u00e1xima resistencia, dise\u00f1ada para ofrecer durabilidad y rendimiento superior. El casquillo sin costuras proporciona una excelente resistencia al desgaste, asegurando una larga vida \u00fatil incluso en condiciones exigentes. Equipadas con tecnolog\u00eda\u00a0<strong>Solid Bush<\/strong>, las eslabones de la cadena ofrecen mayor robustez y eficiencia en el funcionamiento.<\/p>\n<p><strong>Catalina<\/strong><br \/>\nLa\u00a0<strong>catalina<\/strong>\u00a0est\u00e1 hecha de\u00a0<strong>acero 1045<\/strong>, un material de alta calidad que ha sido sometido a un\u00a0<strong>tratamiento t\u00e9rmico especial<\/strong>\u00a0para garantizar su resistencia y desempe\u00f1o. Aseguran la precisi\u00f3n y solidez de cada pieza, optimizando la transmisi\u00f3n de fuerza.<\/p>\n<p><strong>Pi\u00f1\u00f3n<\/strong><br \/>\nEl\u00a0<strong>pi\u00f1\u00f3n<\/strong>\u00a0est\u00e1 elaborado en\u00a0<strong>acero de aleaci\u00f3n forjada con molibdeno y titanio<\/strong>, lo que le otorga una resistencia excepcional al desgaste y la abrasi\u00f3n. Esta combinaci\u00f3n de materiales asegura una mayor durabilidad y eficiencia, incluso en condiciones de alto estr\u00e9s y uso intensivo.<\/p>\n","protected":false},"excerpt":{"rendered":"<p>Cadena de Alta Resistencia Nuestra cadena est\u00e1 fabricada con aleaci\u00f3n de acero de m\u00e1xima resistencia, dise\u00f1ada para ofrecer durabilidad y rendimiento superior. El casquillo sin costuras proporciona una excelente resistencia al desgaste, asegurando una larga vida \u00fatil incluso en condiciones exigentes. Equipadas con tecnolog\u00eda\u00a0Solid Bush, las eslabones de la cadena ofrecen mayor robustez y eficiencia [&hellip;]<\/p>\n","protected":false},"featured_media":10930,"comment_status":"open","ping_status":"closed","template":"","meta":{"_eb_attr":""},"product_brand":[],"product_cat":[512],"product_tag":[],"class_list":{"0":"post-5328","1":"product","2":"type-product","3":"status-publish","4":"has-post-thumbnail","6":"product_cat-kit-de-arrastre-scorpion-made-in-indonesia","8":"first","9":"instock","10":"shipping-taxable","11":"purchasable","12":"product-type-simple"},"yoast_head":"<!-- This site is optimized with the Yoast SEO plugin v24.4 - https:\/\/yoast.com\/wordpress\/plugins\/seo\/ -->\n<title>KIT ARRASTRE 428H132L SUZUKI AX100 15TX42 SCO - Dye Import David &amp; Emily<\/title>\n<meta name=\"robots\" content=\"index, follow, max-snippet:-1, max-image-preview:large, max-video-preview:-1\" \/>\n<link rel=\"canonical\" href=\"https:\/\/dyeimport.com\/wp\/producto\/kit-arrastre-428h132l-suzuki-ax100-15tx42-sco\/\" \/>\n<meta property=\"og:locale\" content=\"es_ES\" \/>\n<meta property=\"og:type\" content=\"article\" \/>\n<meta property=\"og:title\" content=\"KIT ARRASTRE 428H132L SUZUKI AX100 15TX42 SCO - Dye Import David &amp; Emily\" \/>\n<meta property=\"og:description\" content=\"Cadena de Alta Resistencia Nuestra cadena est\u00e1 fabricada con aleaci\u00f3n de acero de m\u00e1xima resistencia, dise\u00f1ada para ofrecer durabilidad y rendimiento superior. El casquillo sin costuras proporciona una excelente resistencia al desgaste, asegurando una larga vida \u00fatil incluso en condiciones exigentes. Equipadas con tecnolog\u00eda\u00a0Solid Bush, las eslabones de la cadena ofrecen mayor robustez y eficiencia [&hellip;]\" \/>\n<meta property=\"og:url\" content=\"https:\/\/dyeimport.com\/wp\/producto\/kit-arrastre-428h132l-suzuki-ax100-15tx42-sco\/\" \/>\n<meta property=\"og:site_name\" content=\"Dye Import David &amp; Emily\" \/>\n<meta property=\"article:modified_time\" content=\"2026-02-13T22:11:01+00:00\" \/>\n<meta property=\"og:image\" content=\"https:\/\/dyeimport.com\/wp\/wp-content\/uploads\/2023\/11\/NC-1023-1.jpg\" \/>\n\t<meta property=\"og:image:width\" content=\"1100\" \/>\n\t<meta property=\"og:image:height\" content=\"1100\" \/>\n\t<meta property=\"og:image:type\" content=\"image\/jpeg\" \/>\n<meta name=\"twitter:card\" content=\"summary_large_image\" \/>\n<meta name=\"twitter:label1\" content=\"Tiempo de lectura\" \/>\n\t<meta name=\"twitter:data1\" content=\"1 minuto\" \/>\n<script type=\"application\/ld+json\" class=\"yoast-schema-graph\">{\"@context\":\"https:\/\/schema.org\",\"@graph\":[{\"@type\":\"WebPage\",\"@id\":\"https:\/\/dyeimport.com\/wp\/producto\/kit-arrastre-428h132l-suzuki-ax100-15tx42-sco\/\",\"url\":\"https:\/\/dyeimport.com\/wp\/producto\/kit-arrastre-428h132l-suzuki-ax100-15tx42-sco\/\",\"name\":\"KIT ARRASTRE 428H132L SUZUKI AX100 15TX42 SCO - Dye Import David &amp; Emily\",\"isPartOf\":{\"@id\":\"https:\/\/dyeimport.com\/wp\/#website\"},\"primaryImageOfPage\":{\"@id\":\"https:\/\/dyeimport.com\/wp\/producto\/kit-arrastre-428h132l-suzuki-ax100-15tx42-sco\/#primaryimage\"},\"image\":{\"@id\":\"https:\/\/dyeimport.com\/wp\/producto\/kit-arrastre-428h132l-suzuki-ax100-15tx42-sco\/#primaryimage\"},\"thumbnailUrl\":\"https:\/\/dyeimport.com\/wp\/wp-content\/uploads\/2023\/11\/NC-1023-1.jpg\",\"datePublished\":\"2023-11-15T22:32:47+00:00\",\"dateModified\":\"2026-02-13T22:11:01+00:00\",\"breadcrumb\":{\"@id\":\"https:\/\/dyeimport.com\/wp\/producto\/kit-arrastre-428h132l-suzuki-ax100-15tx42-sco\/#breadcrumb\"},\"inLanguage\":\"es\",\"potentialAction\":[{\"@type\":\"ReadAction\",\"target\":[\"https:\/\/dyeimport.com\/wp\/producto\/kit-arrastre-428h132l-suzuki-ax100-15tx42-sco\/\"]}]},{\"@type\":\"ImageObject\",\"inLanguage\":\"es\",\"@id\":\"https:\/\/dyeimport.com\/wp\/producto\/kit-arrastre-428h132l-suzuki-ax100-15tx42-sco\/#primaryimage\",\"url\":\"https:\/\/dyeimport.com\/wp\/wp-content\/uploads\/2023\/11\/NC-1023-1.jpg\",\"contentUrl\":\"https:\/\/dyeimport.com\/wp\/wp-content\/uploads\/2023\/11\/NC-1023-1.jpg\",\"width\":1100,\"height\":1100},{\"@type\":\"BreadcrumbList\",\"@id\":\"https:\/\/dyeimport.com\/wp\/producto\/kit-arrastre-428h132l-suzuki-ax100-15tx42-sco\/#breadcrumb\",\"itemListElement\":[{\"@type\":\"ListItem\",\"position\":1,\"name\":\"Portada\",\"item\":\"https:\/\/dyeimport.com\/wp\/\"},{\"@type\":\"ListItem\",\"position\":2,\"name\":\"Tienda\",\"item\":\"https:\/\/dyeimport.com\/wp\/tienda\/\"},{\"@type\":\"ListItem\",\"position\":3,\"name\":\"KIT ARRASTRE 428H132L SUZUKI AX100 15TX42 SCO\"}]},{\"@type\":\"WebSite\",\"@id\":\"https:\/\/dyeimport.com\/wp\/#website\",\"url\":\"https:\/\/dyeimport.com\/wp\/\",\"name\":\"Dye Import David &amp; Emily\",\"description\":\"Nos prefieren por calidad.\",\"publisher\":{\"@id\":\"https:\/\/dyeimport.com\/wp\/#organization\"},\"potentialAction\":[{\"@type\":\"SearchAction\",\"target\":{\"@type\":\"EntryPoint\",\"urlTemplate\":\"https:\/\/dyeimport.com\/wp\/?s={search_term_string}\"},\"query-input\":{\"@type\":\"PropertyValueSpecification\",\"valueRequired\":true,\"valueName\":\"search_term_string\"}}],\"inLanguage\":\"es\"},{\"@type\":\"Organization\",\"@id\":\"https:\/\/dyeimport.com\/wp\/#organization\",\"name\":\"Dye Import David &amp; Emily\",\"url\":\"https:\/\/dyeimport.com\/wp\/\",\"logo\":{\"@type\":\"ImageObject\",\"inLanguage\":\"es\",\"@id\":\"https:\/\/dyeimport.com\/wp\/#\/schema\/logo\/image\/\",\"url\":\"https:\/\/dyeimport.com\/wp\/wp-content\/uploads\/2026\/01\/cropped-Logo-Web.png\",\"contentUrl\":\"https:\/\/dyeimport.com\/wp\/wp-content\/uploads\/2026\/01\/cropped-Logo-Web.png\",\"width\":500,\"height\":500,\"caption\":\"Dye Import David &amp; Emily\"},\"image\":{\"@id\":\"https:\/\/dyeimport.com\/wp\/#\/schema\/logo\/image\/\"}}]}<\/script>\n<!-- \/ Yoast SEO plugin. -->","yoast_head_json":{"title":"KIT ARRASTRE 428H132L SUZUKI AX100 15TX42 SCO - Dye Import David &amp; Emily","robots":{"index":"index","follow":"follow","max-snippet":"max-snippet:-1","max-image-preview":"max-image-preview:large","max-video-preview":"max-video-preview:-1"},"canonical":"https:\/\/dyeimport.com\/wp\/producto\/kit-arrastre-428h132l-suzuki-ax100-15tx42-sco\/","og_locale":"es_ES","og_type":"article","og_title":"KIT ARRASTRE 428H132L SUZUKI AX100 15TX42 SCO - Dye Import David &amp; Emily","og_description":"Cadena de Alta Resistencia Nuestra cadena est\u00e1 fabricada con aleaci\u00f3n de acero de m\u00e1xima resistencia, dise\u00f1ada para ofrecer durabilidad y rendimiento superior. El casquillo sin costuras proporciona una excelente resistencia al desgaste, asegurando una larga vida \u00fatil incluso en condiciones exigentes. Equipadas con tecnolog\u00eda\u00a0Solid Bush, las eslabones de la cadena ofrecen mayor robustez y eficiencia [&hellip;]","og_url":"https:\/\/dyeimport.com\/wp\/producto\/kit-arrastre-428h132l-suzuki-ax100-15tx42-sco\/","og_site_name":"Dye Import David &amp; Emily","article_modified_time":"2026-02-13T22:11:01+00:00","og_image":[{"width":1100,"height":1100,"url":"https:\/\/dyeimport.com\/wp\/wp-content\/uploads\/2023\/11\/NC-1023-1.jpg","type":"image\/jpeg"}],"twitter_card":"summary_large_image","twitter_misc":{"Tiempo de lectura":"1 minuto"},"schema":{"@context":"https:\/\/schema.org","@graph":[{"@type":"WebPage","@id":"https:\/\/dyeimport.com\/wp\/producto\/kit-arrastre-428h132l-suzuki-ax100-15tx42-sco\/","url":"https:\/\/dyeimport.com\/wp\/producto\/kit-arrastre-428h132l-suzuki-ax100-15tx42-sco\/","name":"KIT ARRASTRE 428H132L SUZUKI AX100 15TX42 SCO - Dye Import David &amp; Emily","isPartOf":{"@id":"https:\/\/dyeimport.com\/wp\/#website"},"primaryImageOfPage":{"@id":"https:\/\/dyeimport.com\/wp\/producto\/kit-arrastre-428h132l-suzuki-ax100-15tx42-sco\/#primaryimage"},"image":{"@id":"https:\/\/dyeimport.com\/wp\/producto\/kit-arrastre-428h132l-suzuki-ax100-15tx42-sco\/#primaryimage"},"thumbnailUrl":"https:\/\/dyeimport.com\/wp\/wp-content\/uploads\/2023\/11\/NC-1023-1.jpg","datePublished":"2023-11-15T22:32:47+00:00","dateModified":"2026-02-13T22:11:01+00:00","breadcrumb":{"@id":"https:\/\/dyeimport.com\/wp\/producto\/kit-arrastre-428h132l-suzuki-ax100-15tx42-sco\/#breadcrumb"},"inLanguage":"es","potentialAction":[{"@type":"ReadAction","target":["https:\/\/dyeimport.com\/wp\/producto\/kit-arrastre-428h132l-suzuki-ax100-15tx42-sco\/"]}]},{"@type":"ImageObject","inLanguage":"es","@id":"https:\/\/dyeimport.com\/wp\/producto\/kit-arrastre-428h132l-suzuki-ax100-15tx42-sco\/#primaryimage","url":"https:\/\/dyeimport.com\/wp\/wp-content\/uploads\/2023\/11\/NC-1023-1.jpg","contentUrl":"https:\/\/dyeimport.com\/wp\/wp-content\/uploads\/2023\/11\/NC-1023-1.jpg","width":1100,"height":1100},{"@type":"BreadcrumbList","@id":"https:\/\/dyeimport.com\/wp\/producto\/kit-arrastre-428h132l-suzuki-ax100-15tx42-sco\/#breadcrumb","itemListElement":[{"@type":"ListItem","position":1,"name":"Portada","item":"https:\/\/dyeimport.com\/wp\/"},{"@type":"ListItem","position":2,"name":"Tienda","item":"https:\/\/dyeimport.com\/wp\/tienda\/"},{"@type":"ListItem","position":3,"name":"KIT ARRASTRE 428H132L SUZUKI AX100 15TX42 SCO"}]},{"@type":"WebSite","@id":"https:\/\/dyeimport.com\/wp\/#website","url":"https:\/\/dyeimport.com\/wp\/","name":"Dye Import David &amp; Emily","description":"Nos prefieren por calidad.","publisher":{"@id":"https:\/\/dyeimport.com\/wp\/#organization"},"potentialAction":[{"@type":"SearchAction","target":{"@type":"EntryPoint","urlTemplate":"https:\/\/dyeimport.com\/wp\/?s={search_term_string}"},"query-input":{"@type":"PropertyValueSpecification","valueRequired":true,"valueName":"search_term_string"}}],"inLanguage":"es"},{"@type":"Organization","@id":"https:\/\/dyeimport.com\/wp\/#organization","name":"Dye Import David &amp; Emily","url":"https:\/\/dyeimport.com\/wp\/","logo":{"@type":"ImageObject","inLanguage":"es","@id":"https:\/\/dyeimport.com\/wp\/#\/schema\/logo\/image\/","url":"https:\/\/dyeimport.com\/wp\/wp-content\/uploads\/2026\/01\/cropped-Logo-Web.png","contentUrl":"https:\/\/dyeimport.com\/wp\/wp-content\/uploads\/2026\/01\/cropped-Logo-Web.png","width":500,"height":500,"caption":"Dye Import David &amp; Emily"},"image":{"@id":"https:\/\/dyeimport.com\/wp\/#\/schema\/logo\/image\/"}}]}},"jetpack_sharing_enabled":true,"_links":{"self":[{"href":"https:\/\/dyeimport.com\/wp\/wp-json\/wp\/v2\/product\/5328","targetHints":{"allow":["GET"]}}],"collection":[{"href":"https:\/\/dyeimport.com\/wp\/wp-json\/wp\/v2\/product"}],"about":[{"href":"https:\/\/dyeimport.com\/wp\/wp-json\/wp\/v2\/types\/product"}],"replies":[{"embeddable":true,"href":"https:\/\/dyeimport.com\/wp\/wp-json\/wp\/v2\/comments?post=5328"}],"wp:featuredmedia":[{"embeddable":true,"href":"https:\/\/dyeimport.com\/wp\/wp-json\/wp\/v2\/media\/10930"}],"wp:attachment":[{"href":"https:\/\/dyeimport.com\/wp\/wp-json\/wp\/v2\/media?parent=5328"}],"wp:term":[{"taxonomy":"product_brand","embeddable":true,"href":"https:\/\/dyeimport.com\/wp\/wp-json\/wp\/v2\/product_brand?post=5328"},{"taxonomy":"product_cat","embeddable":true,"href":"https:\/\/dyeimport.com\/wp\/wp-json\/wp\/v2\/product_cat?post=5328"},{"taxonomy":"product_tag","embeddable":true,"href":"https:\/\/dyeimport.com\/wp\/wp-json\/wp\/v2\/product_tag?post=5328"}],"curies":[{"name":"wp","href":"https:\/\/api.w.org\/{rel}","templated":true}]}}