{"id":9392,"date":"2025-01-29T16:26:26","date_gmt":"2025-01-29T21:26:26","guid":{"rendered":"https:\/\/dyeimport.com\/wp\/?post_type=product&#038;p=9392"},"modified":"2026-01-29T12:19:47","modified_gmt":"2026-01-29T17:19:47","slug":"filtro-de-aire-pulsar-220-ns160-dominar-rs200-lx5714","status":"publish","type":"product","link":"https:\/\/dyeimport.com\/wp\/producto\/filtro-de-aire-pulsar-220-ns160-dominar-rs200-lx5714\/","title":{"rendered":"FILTRO DE AIRE P160\/ DOMINAR\/ RS200 MAHLE LX5714"},"content":{"rendered":"<p>Los filtros de aire MAHLE Original son esenciales para mantener una potencia \u00f3ptima del motor, alta torsi\u00f3n, bajo consumo de combustible y minimizar las emisiones. Filtran hasta el 99,9% de polvo, holl\u00edn y part\u00edculas de desgaste de neum\u00e1ticos, asegurando una mezcla de aire y combustible eficiente. Su gran capacidad de retenci\u00f3n de part\u00edculas les permite tener una larga vida \u00fatil, incluso en condiciones extremas de calor, fr\u00edo o contaminantes qu\u00edmicos.<br \/>\nProtegen componentes clave del motor, como v\u00e1lvulas, cilindros y cojinetes, evitando el desgaste prematuro.<\/p>\n","protected":false},"excerpt":{"rendered":"<table width=\"460\">\n<tbody>\n<tr>\n<td width=\"460\">FILTRO DE AIRE PULSAR 220\/NS160\/DOMINAR\/RS200 LX5714<\/td>\n<\/tr>\n<\/tbody>\n<\/table>\n","protected":false},"featured_media":9456,"comment_status":"open","ping_status":"closed","template":"","meta":{"_eb_attr":""},"product_brand":[],"product_cat":[411],"product_tag":[],"class_list":{"0":"post-9392","1":"product","2":"type-product","3":"status-publish","4":"has-post-thumbnail","6":"product_cat-filtro-de-aire-mahle","8":"first","9":"instock","10":"shipping-taxable","11":"purchasable","12":"product-type-simple"},"yoast_head":"<!-- This site is optimized with the Yoast SEO plugin v24.4 - https:\/\/yoast.com\/wordpress\/plugins\/seo\/ -->\n<title>FILTRO DE AIRE P160\/ DOMINAR\/ RS200 MAHLE LX5714 - Dye Import David &amp; Emily<\/title>\n<meta name=\"robots\" content=\"index, follow, max-snippet:-1, max-image-preview:large, max-video-preview:-1\" \/>\n<link rel=\"canonical\" href=\"https:\/\/dyeimport.com\/wp\/producto\/filtro-de-aire-pulsar-220-ns160-dominar-rs200-lx5714\/\" \/>\n<meta property=\"og:locale\" content=\"es_ES\" \/>\n<meta property=\"og:type\" content=\"article\" \/>\n<meta property=\"og:title\" content=\"FILTRO DE AIRE P160\/ DOMINAR\/ RS200 MAHLE LX5714 - Dye Import David &amp; Emily\" \/>\n<meta property=\"og:description\" content=\"FILTRO DE AIRE PULSAR 220\/NS160\/DOMINAR\/RS200 LX5714\" \/>\n<meta property=\"og:url\" content=\"https:\/\/dyeimport.com\/wp\/producto\/filtro-de-aire-pulsar-220-ns160-dominar-rs200-lx5714\/\" \/>\n<meta property=\"og:site_name\" content=\"Dye Import David &amp; Emily\" \/>\n<meta property=\"article:modified_time\" content=\"2026-01-29T17:19:47+00:00\" \/>\n<meta property=\"og:image\" content=\"https:\/\/dyeimport.com\/wp\/wp-content\/uploads\/2025\/01\/ml-2117-1.png\" \/>\n\t<meta property=\"og:image:width\" content=\"1100\" \/>\n\t<meta property=\"og:image:height\" content=\"1100\" \/>\n\t<meta property=\"og:image:type\" content=\"image\/png\" \/>\n<meta name=\"twitter:card\" content=\"summary_large_image\" \/>\n<meta name=\"twitter:label1\" content=\"Tiempo de lectura\" \/>\n\t<meta name=\"twitter:data1\" content=\"1 minuto\" \/>\n<script type=\"application\/ld+json\" class=\"yoast-schema-graph\">{\"@context\":\"https:\/\/schema.org\",\"@graph\":[{\"@type\":\"WebPage\",\"@id\":\"https:\/\/dyeimport.com\/wp\/producto\/filtro-de-aire-pulsar-220-ns160-dominar-rs200-lx5714\/\",\"url\":\"https:\/\/dyeimport.com\/wp\/producto\/filtro-de-aire-pulsar-220-ns160-dominar-rs200-lx5714\/\",\"name\":\"FILTRO DE AIRE P160\/ DOMINAR\/ RS200 MAHLE LX5714 - Dye Import David &amp; Emily\",\"isPartOf\":{\"@id\":\"https:\/\/dyeimport.com\/wp\/#website\"},\"primaryImageOfPage\":{\"@id\":\"https:\/\/dyeimport.com\/wp\/producto\/filtro-de-aire-pulsar-220-ns160-dominar-rs200-lx5714\/#primaryimage\"},\"image\":{\"@id\":\"https:\/\/dyeimport.com\/wp\/producto\/filtro-de-aire-pulsar-220-ns160-dominar-rs200-lx5714\/#primaryimage\"},\"thumbnailUrl\":\"https:\/\/dyeimport.com\/wp\/wp-content\/uploads\/2025\/01\/ml-2117-1.png\",\"datePublished\":\"2025-01-29T21:26:26+00:00\",\"dateModified\":\"2026-01-29T17:19:47+00:00\",\"breadcrumb\":{\"@id\":\"https:\/\/dyeimport.com\/wp\/producto\/filtro-de-aire-pulsar-220-ns160-dominar-rs200-lx5714\/#breadcrumb\"},\"inLanguage\":\"es\",\"potentialAction\":[{\"@type\":\"ReadAction\",\"target\":[\"https:\/\/dyeimport.com\/wp\/producto\/filtro-de-aire-pulsar-220-ns160-dominar-rs200-lx5714\/\"]}]},{\"@type\":\"ImageObject\",\"inLanguage\":\"es\",\"@id\":\"https:\/\/dyeimport.com\/wp\/producto\/filtro-de-aire-pulsar-220-ns160-dominar-rs200-lx5714\/#primaryimage\",\"url\":\"https:\/\/dyeimport.com\/wp\/wp-content\/uploads\/2025\/01\/ml-2117-1.png\",\"contentUrl\":\"https:\/\/dyeimport.com\/wp\/wp-content\/uploads\/2025\/01\/ml-2117-1.png\",\"width\":1100,\"height\":1100},{\"@type\":\"BreadcrumbList\",\"@id\":\"https:\/\/dyeimport.com\/wp\/producto\/filtro-de-aire-pulsar-220-ns160-dominar-rs200-lx5714\/#breadcrumb\",\"itemListElement\":[{\"@type\":\"ListItem\",\"position\":1,\"name\":\"Portada\",\"item\":\"https:\/\/dyeimport.com\/wp\/\"},{\"@type\":\"ListItem\",\"position\":2,\"name\":\"Tienda\",\"item\":\"https:\/\/dyeimport.com\/wp\/tienda\/\"},{\"@type\":\"ListItem\",\"position\":3,\"name\":\"FILTRO DE AIRE P160\/ DOMINAR\/ RS200 MAHLE LX5714\"}]},{\"@type\":\"WebSite\",\"@id\":\"https:\/\/dyeimport.com\/wp\/#website\",\"url\":\"https:\/\/dyeimport.com\/wp\/\",\"name\":\"Dye Import David &amp; Emily\",\"description\":\"Nos prefieren por calidad.\",\"publisher\":{\"@id\":\"https:\/\/dyeimport.com\/wp\/#organization\"},\"potentialAction\":[{\"@type\":\"SearchAction\",\"target\":{\"@type\":\"EntryPoint\",\"urlTemplate\":\"https:\/\/dyeimport.com\/wp\/?s={search_term_string}\"},\"query-input\":{\"@type\":\"PropertyValueSpecification\",\"valueRequired\":true,\"valueName\":\"search_term_string\"}}],\"inLanguage\":\"es\"},{\"@type\":\"Organization\",\"@id\":\"https:\/\/dyeimport.com\/wp\/#organization\",\"name\":\"Dye Import David &amp; Emily\",\"url\":\"https:\/\/dyeimport.com\/wp\/\",\"logo\":{\"@type\":\"ImageObject\",\"inLanguage\":\"es\",\"@id\":\"https:\/\/dyeimport.com\/wp\/#\/schema\/logo\/image\/\",\"url\":\"https:\/\/dyeimport.com\/wp\/wp-content\/uploads\/2026\/01\/cropped-Logo-Web.png\",\"contentUrl\":\"https:\/\/dyeimport.com\/wp\/wp-content\/uploads\/2026\/01\/cropped-Logo-Web.png\",\"width\":500,\"height\":500,\"caption\":\"Dye Import David &amp; Emily\"},\"image\":{\"@id\":\"https:\/\/dyeimport.com\/wp\/#\/schema\/logo\/image\/\"}}]}<\/script>\n<!-- \/ Yoast SEO plugin. -->","yoast_head_json":{"title":"FILTRO DE AIRE P160\/ DOMINAR\/ RS200 MAHLE LX5714 - Dye Import David &amp; Emily","robots":{"index":"index","follow":"follow","max-snippet":"max-snippet:-1","max-image-preview":"max-image-preview:large","max-video-preview":"max-video-preview:-1"},"canonical":"https:\/\/dyeimport.com\/wp\/producto\/filtro-de-aire-pulsar-220-ns160-dominar-rs200-lx5714\/","og_locale":"es_ES","og_type":"article","og_title":"FILTRO DE AIRE P160\/ DOMINAR\/ RS200 MAHLE LX5714 - Dye Import David &amp; Emily","og_description":"FILTRO DE AIRE PULSAR 220\/NS160\/DOMINAR\/RS200 LX5714","og_url":"https:\/\/dyeimport.com\/wp\/producto\/filtro-de-aire-pulsar-220-ns160-dominar-rs200-lx5714\/","og_site_name":"Dye Import David &amp; Emily","article_modified_time":"2026-01-29T17:19:47+00:00","og_image":[{"width":1100,"height":1100,"url":"https:\/\/dyeimport.com\/wp\/wp-content\/uploads\/2025\/01\/ml-2117-1.png","type":"image\/png"}],"twitter_card":"summary_large_image","twitter_misc":{"Tiempo de lectura":"1 minuto"},"schema":{"@context":"https:\/\/schema.org","@graph":[{"@type":"WebPage","@id":"https:\/\/dyeimport.com\/wp\/producto\/filtro-de-aire-pulsar-220-ns160-dominar-rs200-lx5714\/","url":"https:\/\/dyeimport.com\/wp\/producto\/filtro-de-aire-pulsar-220-ns160-dominar-rs200-lx5714\/","name":"FILTRO DE AIRE P160\/ DOMINAR\/ RS200 MAHLE LX5714 - Dye Import David &amp; Emily","isPartOf":{"@id":"https:\/\/dyeimport.com\/wp\/#website"},"primaryImageOfPage":{"@id":"https:\/\/dyeimport.com\/wp\/producto\/filtro-de-aire-pulsar-220-ns160-dominar-rs200-lx5714\/#primaryimage"},"image":{"@id":"https:\/\/dyeimport.com\/wp\/producto\/filtro-de-aire-pulsar-220-ns160-dominar-rs200-lx5714\/#primaryimage"},"thumbnailUrl":"https:\/\/dyeimport.com\/wp\/wp-content\/uploads\/2025\/01\/ml-2117-1.png","datePublished":"2025-01-29T21:26:26+00:00","dateModified":"2026-01-29T17:19:47+00:00","breadcrumb":{"@id":"https:\/\/dyeimport.com\/wp\/producto\/filtro-de-aire-pulsar-220-ns160-dominar-rs200-lx5714\/#breadcrumb"},"inLanguage":"es","potentialAction":[{"@type":"ReadAction","target":["https:\/\/dyeimport.com\/wp\/producto\/filtro-de-aire-pulsar-220-ns160-dominar-rs200-lx5714\/"]}]},{"@type":"ImageObject","inLanguage":"es","@id":"https:\/\/dyeimport.com\/wp\/producto\/filtro-de-aire-pulsar-220-ns160-dominar-rs200-lx5714\/#primaryimage","url":"https:\/\/dyeimport.com\/wp\/wp-content\/uploads\/2025\/01\/ml-2117-1.png","contentUrl":"https:\/\/dyeimport.com\/wp\/wp-content\/uploads\/2025\/01\/ml-2117-1.png","width":1100,"height":1100},{"@type":"BreadcrumbList","@id":"https:\/\/dyeimport.com\/wp\/producto\/filtro-de-aire-pulsar-220-ns160-dominar-rs200-lx5714\/#breadcrumb","itemListElement":[{"@type":"ListItem","position":1,"name":"Portada","item":"https:\/\/dyeimport.com\/wp\/"},{"@type":"ListItem","position":2,"name":"Tienda","item":"https:\/\/dyeimport.com\/wp\/tienda\/"},{"@type":"ListItem","position":3,"name":"FILTRO DE AIRE P160\/ DOMINAR\/ RS200 MAHLE LX5714"}]},{"@type":"WebSite","@id":"https:\/\/dyeimport.com\/wp\/#website","url":"https:\/\/dyeimport.com\/wp\/","name":"Dye Import David &amp; Emily","description":"Nos prefieren por calidad.","publisher":{"@id":"https:\/\/dyeimport.com\/wp\/#organization"},"potentialAction":[{"@type":"SearchAction","target":{"@type":"EntryPoint","urlTemplate":"https:\/\/dyeimport.com\/wp\/?s={search_term_string}"},"query-input":{"@type":"PropertyValueSpecification","valueRequired":true,"valueName":"search_term_string"}}],"inLanguage":"es"},{"@type":"Organization","@id":"https:\/\/dyeimport.com\/wp\/#organization","name":"Dye Import David &amp; Emily","url":"https:\/\/dyeimport.com\/wp\/","logo":{"@type":"ImageObject","inLanguage":"es","@id":"https:\/\/dyeimport.com\/wp\/#\/schema\/logo\/image\/","url":"https:\/\/dyeimport.com\/wp\/wp-content\/uploads\/2026\/01\/cropped-Logo-Web.png","contentUrl":"https:\/\/dyeimport.com\/wp\/wp-content\/uploads\/2026\/01\/cropped-Logo-Web.png","width":500,"height":500,"caption":"Dye Import David &amp; Emily"},"image":{"@id":"https:\/\/dyeimport.com\/wp\/#\/schema\/logo\/image\/"}}]}},"jetpack_sharing_enabled":true,"_links":{"self":[{"href":"https:\/\/dyeimport.com\/wp\/wp-json\/wp\/v2\/product\/9392","targetHints":{"allow":["GET"]}}],"collection":[{"href":"https:\/\/dyeimport.com\/wp\/wp-json\/wp\/v2\/product"}],"about":[{"href":"https:\/\/dyeimport.com\/wp\/wp-json\/wp\/v2\/types\/product"}],"replies":[{"embeddable":true,"href":"https:\/\/dyeimport.com\/wp\/wp-json\/wp\/v2\/comments?post=9392"}],"wp:featuredmedia":[{"embeddable":true,"href":"https:\/\/dyeimport.com\/wp\/wp-json\/wp\/v2\/media\/9456"}],"wp:attachment":[{"href":"https:\/\/dyeimport.com\/wp\/wp-json\/wp\/v2\/media?parent=9392"}],"wp:term":[{"taxonomy":"product_brand","embeddable":true,"href":"https:\/\/dyeimport.com\/wp\/wp-json\/wp\/v2\/product_brand?post=9392"},{"taxonomy":"product_cat","embeddable":true,"href":"https:\/\/dyeimport.com\/wp\/wp-json\/wp\/v2\/product_cat?post=9392"},{"taxonomy":"product_tag","embeddable":true,"href":"https:\/\/dyeimport.com\/wp\/wp-json\/wp\/v2\/product_tag?post=9392"}],"curies":[{"name":"wp","href":"https:\/\/api.w.org\/{rel}","templated":true}]}}